{"id":113,"date":"2019-08-07T14:43:17","date_gmt":"2019-08-07T12:43:17","guid":{"rendered":"http:\/\/janalik.cz\/?page_id=113"},"modified":"2024-11-19T19:41:38","modified_gmt":"2024-11-19T18:41:38","slug":"vojtisek","status":"publish","type":"page","link":"https:\/\/janalik.cz\/index.php\/foto-video\/rodina\/vojtisek\/","title":{"rendered":"Vojta"},"content":{"rendered":"<table>\n<tbody>\n<tr>\n<td width=\"205\">\n<p style=\"text-align: center;\"><a href=\"http:\/\/janalik.cz\/wp-content\/uploads\/2019\/08\/vojta_nar.jpg\" target=\"_blank\" rel=\"noopener noreferrer\"><img decoding=\"async\" loading=\"lazy\" class=\"alignnone wp-image-115 size-thumbnail\" src=\"http:\/\/janalik.cz\/wp-content\/uploads\/2019\/08\/vojta_nar-150x150.jpg\" alt=\"\" width=\"150\" height=\"150\" srcset=\"https:\/\/janalik.cz\/wp-content\/uploads\/2019\/08\/vojta_nar-150x150.jpg 150w, https:\/\/janalik.cz\/wp-content\/uploads\/2019\/08\/vojta_nar-100x100.jpg 100w\" sizes=\"(max-width: 150px) 100vw, 150px\" \/><\/a><\/p>\n<\/td>\n<td colspan=\"2\" width=\"409\">\n<p align=\"center\"><span style=\"font-family: Tahoma; font-size: large;\">Narodil jsem se 17.8.2006 v 21:55 hod. ve Zl\u00edn\u011b, m\u011b\u0159il jsem 51cm a v\u00e1\u017eil 3,53Kg<\/span><\/p>\n<\/td>\n<\/tr>\n<tr>\n<td width=\"205\">\n<p style=\"text-align: center;\"><a href=\"http:\/\/janalik.cz\/wp-content\/uploads\/2019\/08\/1.gif\"><img decoding=\"async\" loading=\"lazy\" class=\"size-full wp-image-185 aligncenter\" src=\"http:\/\/janalik.cz\/wp-content\/uploads\/2019\/08\/1min.jpg\" alt=\"\" width=\"80\" height=\"80\" \/><\/a><\/p>\n<\/td>\n<td style=\"text-align: center;\" width=\"205\"><a href=\"http:\/\/janalik.cz\/wp-content\/uploads\/2019\/08\/2.gif\"><img decoding=\"async\" loading=\"lazy\" class=\"size-full wp-image-186 aligncenter\" src=\"http:\/\/janalik.cz\/wp-content\/uploads\/2019\/08\/2min.jpg\" alt=\"\" width=\"80\" height=\"80\" \/><\/a><\/td>\n<td style=\"text-align: center;\" width=\"205\"><a href=\"http:\/\/janalik.cz\/wp-content\/uploads\/2019\/08\/3.gif\"><img decoding=\"async\" loading=\"lazy\" class=\"size-full wp-image-187 aligncenter\" src=\"http:\/\/janalik.cz\/wp-content\/uploads\/2019\/08\/3min.jpg\" alt=\"\" width=\"80\" height=\"80\" \/><\/a><\/td>\n<\/tr>\n<\/tbody>\n<\/table>\n<table id=\"table1\" border=\"0\">\n<tbody>\n<!-- 2024 --><\/p>\n<tr>\n<td align=\"right\" width=\"150\"><span style=\"font-family: Tahoma;\"><a href=\"https:\/\/photos.app.goo.gl\/He2doAPy2hijTmSc7\" target=\"_blank\" rel=\"noopener noreferrer\">17. 8. 2024<\/a><\/span><\/td>\n<td align=\"left\" width=\"300\"><span style=\"font-family: Tahoma;\"><a href=\"https:\/\/photos.app.goo.gl\/He2doAPy2hijTmSc7\" target=\"_blank\" rel=\"noopener noreferrer\"> Vojta 18. narozeniny<\/a><\/span><\/td>\n<\/tr>\n<p><!-- 2023 --><\/p>\n<tr>\n<td align=\"right\" width=\"150\"><span style=\"font-family: Tahoma;\"><a href=\"https:\/\/photos.app.goo.gl\/swKazmfL9g9rVqVe7\" target=\"_blank\" rel=\"noopener noreferrer\">17. 8. 2023<\/a><\/span><\/td>\n<td align=\"left\" width=\"300\"><span style=\"font-family: Tahoma;\"><a href=\"https:\/\/photos.app.goo.gl\/swKazmfL9g9rVqVe7\" target=\"_blank\" rel=\"noopener noreferrer\"> Vojta 17. narozeniny<\/a><\/span><\/td>\n<\/tr>\n<p><!-- 2022 --><\/p>\n<tr>\n<td align=\"right\" width=\"150\"><span style=\"font-family: Tahoma;\"><a href=\"https:\/\/photos.app.goo.gl\/cSum5tp4dYLUEqUj6\" target=\"_blank\" rel=\"noopener noreferrer\">9. 2022<\/a><\/span><\/td>\n<td align=\"left\" width=\"300\"><span style=\"font-family: Tahoma;\"><a href=\"https:\/\/photos.app.goo.gl\/cSum5tp4dYLUEqUj6\" target=\"_blank\" rel=\"noopener noreferrer\"> Vojta soust\u0159ed\u011bn\u00ed 1SM<\/a><\/span><\/td>\n<\/tr>\n<tr>\n<td align=\"right\" width=\"150\"><span style=\"font-family: Tahoma;\"><a href=\"https:\/\/photos.app.goo.gl\/nuSRo9CKhHH6SP3X8\" target=\"_blank\" rel=\"noopener noreferrer\">26. 8. 2022<\/a><\/span><\/td>\n<td align=\"left\" width=\"300\"><span style=\"font-family: Tahoma;\"><a href=\"https:\/\/photos.app.goo.gl\/nuSRo9CKhHH6SP3X8\" target=\"_blank\" rel=\"noopener noreferrer\"> Vojta 16. narozeniny<\/a><\/span><\/td>\n<\/tr>\n<tr>\n<td align=\"right\" width=\"150\"><span style=\"font-family: Tahoma;\"><a href=\"https:\/\/eu.zonerama.com\/janalikovi\/Album\/8665774\" target=\"_blank\" rel=\"noopener noreferrer\">29. 6. 2022<\/a><\/span><\/td>\n<td align=\"left\" width=\"300\"><span style=\"font-family: Tahoma;\"><a href=\"https:\/\/eu.zonerama.com\/janalikovi\/Album\/8665774\" target=\"_blank\" rel=\"noopener noreferrer\"> Ukon\u010den\u00ed 1.Z\u0160<\/a><\/span><\/td>\n<\/tr>\n<p><!-- 2021 --><\/p>\n<tr>\n<td align=\"right\" width=\"150\"><span style=\"font-family: Tahoma;\"><a href=\"https:\/\/www.zonerama.com\/janalikovi\/Album\/7561436\" target=\"_blank\" rel=\"noopener noreferrer\">14. 8. 2020<\/a><\/span><\/td>\n<td align=\"left\" width=\"300\"><span style=\"font-family: Tahoma;\"><a href=\"https:\/\/www.zonerama.com\/janalikovi\/Album\/7561436\" target=\"_blank\" rel=\"noopener noreferrer\"> Vojta 15. narozeniny<\/a><\/span><br \/>\n<a href=\"https:\/\/youtu.be\/GN8BJXOTlB0\" target=\"_blank\" rel=\"noopener noreferrer\"> VIDEO &gt;&gt;&gt; ZDE &lt;&lt;&lt;<\/a><\/td>\n<\/tr>\n<p><!-- 2020 --><\/p>\n<tr>\n<td align=\"right\" width=\"150\"><span style=\"font-family: Tahoma;\"><a href=\"https:\/\/photos.app.goo.gl\/wuKvcvqFGhFofR2A6\" target=\"_blank\" rel=\"noopener noreferrer\">16. 8. 2020<\/a><\/span><\/td>\n<td align=\"left\" width=\"300\"><span style=\"font-family: Tahoma;\"><a href=\"https:\/\/photos.app.goo.gl\/wuKvcvqFGhFofR2A6\" target=\"_blank\" rel=\"noopener noreferrer\"> Vojta 14. narozeniny<\/a><\/span><\/td>\n<\/tr>\n<p><!-- 2019 --><\/p>\n<tr>\n<td align=\"right\" width=\"150\"><span style=\"font-family: Tahoma;\"><a href=\"https:\/\/photos.app.goo.gl\/HuaR3Yyt73Shh4W98\" target=\"_blank\" rel=\"noopener noreferrer\">17. 8. 2019<\/a><\/span><\/td>\n<td align=\"left\" width=\"300\"><span style=\"font-family: Tahoma;\"><a href=\"https:\/\/photos.app.goo.gl\/HuaR3Yyt73Shh4W98\" target=\"_blank\" rel=\"noopener noreferrer\"> Vojta 13. narozeniny<\/a><\/span><\/td>\n<\/tr>\n<p><!-- 2017 --><\/p>\n<tr>\n<td align=\"right\" width=\"150\"><span style=\"font-family: Tahoma;\"><a href=\"https:\/\/photos.app.goo.gl\/1cwC2egQWG5GnpoK7\" target=\"_blank\" rel=\"noopener noreferrer\">19. 8. 2017<\/a><\/span><\/td>\n<td align=\"left\" width=\"300\"><span style=\"font-family: Tahoma;\"><a href=\"https:\/\/photos.app.goo.gl\/1cwC2egQWG5GnpoK7\" target=\"_blank\" rel=\"noopener noreferrer\"> Vojta 11. narozeniny<\/a><\/span><\/td>\n<\/tr>\n<p><!-- 2016 --><\/p>\n<tr>\n<td align=\"right\" width=\"150\"><span style=\"font-family: Tahoma;\"><a href=\"https:\/\/photos.app.goo.gl\/RVoySQYRfLWJjTyV9\" target=\"_blank\" rel=\"noopener noreferrer\">20. 8. 2016<\/a><\/span><\/td>\n<td align=\"left\" width=\"300\"><span style=\"font-family: Tahoma;\"><a href=\"https:\/\/photos.app.goo.gl\/RVoySQYRfLWJjTyV9\" target=\"_blank\" rel=\"noopener noreferrer\"> Vojta 10. narozeniny<\/a><\/span><\/td>\n<\/tr>\n<p><!-- 2015 --><\/p>\n<tr>\n<td align=\"right\" width=\"150\"><span style=\"font-family: Tahoma;\"><a href=\"https:\/\/photos.app.goo.gl\/eCcv9joHAL2xA4746\" target=\"_blank\" rel=\"noopener noreferrer\">15. 8. 2015<\/a><\/span><\/td>\n<td align=\"left\" width=\"300\"><span style=\"font-family: Tahoma;\"><a href=\"https:\/\/photos.app.goo.gl\/eCcv9joHAL2xA4746\" target=\"_blank\" rel=\"noopener noreferrer\"> Vojta 9. narozeniny<\/a><\/span><\/td>\n<\/tr>\n<p><!-- 2014 --><\/p>\n<tr>\n<td align=\"right\"><a href=\"https:\/\/photos.app.goo.gl\/7e1vEh8ZWBJmYBi37\" target=\"_blank\" rel=\"noopener noreferrer\">22. 12. 2014<\/a><\/td>\n<td align=\"left\"><a href=\"https:\/\/photos.app.goo.gl\/7e1vEh8ZWBJmYBi37\" target=\"_blank\" rel=\"noopener noreferrer\">Vojt\u00ed\u0161ek Drama\u0165\u00e1k Hul\u00edn<\/a><\/td>\n<\/tr>\n<tr>\n<td align=\"right\"><a href=\"https:\/\/photos.app.goo.gl\/WmReBdi22A1EaQ8n8\" target=\"_blank\" rel=\"noopener noreferrer\">16. 8. 2014<\/a><\/td>\n<td align=\"left\"><a href=\"https:\/\/photos.app.goo.gl\/WmReBdi22A1EaQ8n8\" target=\"_blank\" rel=\"noopener noreferrer\">Vojta 8. narozeniny<\/a><\/td>\n<\/tr>\n<p><!-- 2013 --><\/p>\n<tr>\n<td align=\"right\"><a href=\"https:\/\/photos.app.goo.gl\/48xjoSh5AnoewjY3A\" target=\"_blank\" rel=\"noopener noreferrer\">2. 9. 2013<\/a><\/td>\n<td align=\"left\"><a href=\"https:\/\/photos.app.goo.gl\/48xjoSh5AnoewjY3A\" target=\"_blank\" rel=\"noopener noreferrer\">Vojt\u00ed\u0161ek prvn\u00ed \u0161koln\u00ed den<\/a><\/td>\n<\/tr>\n<p><!-- 2012 --><\/p>\n<tr>\n<td align=\"right\"><a href=\"https:\/\/photos.app.goo.gl\/FtavHr9aLtssoBtD8\" target=\"_blank\" rel=\"noopener noreferrer\">18. 8. 2012<\/a><\/td>\n<td align=\"left\"><a href=\"https:\/\/photos.app.goo.gl\/FtavHr9aLtssoBtD8\" target=\"_blank\" rel=\"noopener noreferrer\">Vojt\u00ed\u0161ek 6. narozeniny<\/a><\/td>\n<\/tr>\n<p><!-- 2011 --><\/p>\n<tr>\n<td align=\"right\"><a href=\"https:\/\/photos.app.goo.gl\/esvcYeJoPNTAspnM6\" target=\"_blank\" rel=\"noopener noreferrer\">19. 8. 2011<\/a><\/td>\n<td align=\"left\"><a href=\"https:\/\/photos.app.goo.gl\/esvcYeJoPNTAspnM6\" target=\"_blank\" rel=\"noopener noreferrer\">Vojt\u00ed\u0161ek 5. narozeniny<\/a><\/td>\n<\/tr>\n<p><!-- 2010 --><\/p>\n<tr>\n<td align=\"right\"><a href=\"https:\/\/photos.app.goo.gl\/6ousD9MSP1jWEej46\" target=\"_blank\" rel=\"noopener noreferrer\">16. 8. 2010<\/a><\/td>\n<td align=\"left\"><a href=\"https:\/\/photos.app.goo.gl\/6ousD9MSP1jWEej46\" target=\"_blank\" rel=\"noopener noreferrer\">Vojt\u00ed\u0161ek 4. narozeniny<\/a><\/td>\n<\/tr>\n<tr>\n<td align=\"right\"><a href=\"https:\/\/photos.app.goo.gl\/n7W3hs3XaQbvwveA6\" target=\"_blank\" rel=\"noopener noreferrer\">2010 &#8211; 2013<\/a><\/td>\n<td align=\"left\"><a href=\"https:\/\/photos.app.goo.gl\/n7W3hs3XaQbvwveA6\" target=\"_blank\" rel=\"noopener noreferrer\">\u0160kolka Hul\u00edn<\/a><\/td>\n<\/tr>\n<p><!-- 2007 --><\/p>\n<tr>\n<td align=\"right\"><a href=\"https:\/\/photos.app.goo.gl\/VwtLgnpxVt8WJBJo6\" target=\"_blank\" rel=\"noopener noreferrer\">2007 &#8211; 2010<\/a><\/td>\n<td align=\"left\"><a href=\"https:\/\/photos.app.goo.gl\/VwtLgnpxVt8WJBJo6\" target=\"_blank\" rel=\"noopener noreferrer\"> 2. a\u017e 4. rok<\/a><\/td>\n<\/tr>\n<p><!-- 2006 --><\/p>\n<tr>\n<td align=\"right\"><a href=\"https:\/\/photos.app.goo.gl\/7fMj2jruBVdrFGpF9\" target=\"_blank\" rel=\"noopener noreferrer\">2006 &#8211; 2007<\/a><\/td>\n<td align=\"left\"><a href=\"https:\/\/photos.app.goo.gl\/7fMj2jruBVdrFGpF9\" target=\"_blank\" rel=\"noopener noreferrer\">1. rok<\/a><\/td>\n<\/tr>\n<tr>\n<td align=\"right\"><a href=\"https:\/\/photos.app.goo.gl\/TmKWMGpcDrvC8ino7\" target=\"_blank\" rel=\"noopener noreferrer\">12. 2006<\/a><\/td>\n<td align=\"left\"><a href=\"https:\/\/photos.app.goo.gl\/TmKWMGpcDrvC8ino7\" target=\"_blank\" rel=\"noopener noreferrer\"> K\u0159tiny Fry\u0161t\u00e1k<\/a><\/td>\n<\/tr>\n<tr>\n<td align=\"right\"><a href=\"https:\/\/photos.app.goo.gl\/R2g6Wijx26WBVG8L7\" target=\"_blank\" rel=\"noopener noreferrer\">24. 12. 2006<\/a><\/td>\n<td align=\"left\"><a href=\"https:\/\/photos.app.goo.gl\/R2g6Wijx26WBVG8L7\" target=\"_blank\" rel=\"noopener noreferrer\"> Prvn\u00ed v\u00e1noce<\/a><\/td>\n<\/tr>\n<tr>\n<td align=\"right\"><span style=\"font-family: Tahoma;\"><u><a href=\"http:\/\/janalikovi.cz\/foto_video\/vojtisek\/vojta_foto\/vojtisek_porodnice\/index.php\">08<\/a><a href=\"https:\/\/photos.app.goo.gl\/eQUMJJf3HUEsgokB6\" target=\"_blank\" rel=\"noopener noreferrer\"> . 2006<\/a><\/u><\/span><\/td>\n<td align=\"left\"><span style=\"font-family: Tahoma;\"> <a href=\"https:\/\/photos.app.goo.gl\/eQUMJJf3HUEsgokB6\" target=\"_blank\" rel=\"noopener noreferrer\"> V porodnici<\/a><\/span><\/td>\n<\/tr>\n<\/tbody>\n<\/table>\n<p><iframe loading=\"lazy\" title=\"Vojta_kouri\" width=\"525\" height=\"394\" src=\"https:\/\/www.youtube.com\/embed\/Gc9cATeBHX4?feature=oembed\" frameborder=\"0\" allow=\"accelerometer; autoplay; clipboard-write; encrypted-media; gyroscope; picture-in-picture; web-share\" referrerpolicy=\"strict-origin-when-cross-origin\" allowfullscreen><\/iframe><\/p>\n<p><iframe loading=\"lazy\" title=\"Kolotoce_2010.wmv\" width=\"525\" height=\"394\" src=\"https:\/\/www.youtube.com\/embed\/F7n5ivA2PSQ?feature=oembed\" frameborder=\"0\" allow=\"accelerometer; autoplay; clipboard-write; encrypted-media; gyroscope; picture-in-picture; web-share\" referrerpolicy=\"strict-origin-when-cross-origin\" allowfullscreen><\/iframe><\/p>\n<p><iframe loading=\"lazy\" title=\"karneval \u017dopy 2012\" width=\"525\" height=\"295\" src=\"https:\/\/www.youtube.com\/embed\/1RMGvkWEkbo?feature=oembed\" frameborder=\"0\" allow=\"accelerometer; autoplay; clipboard-write; encrypted-media; gyroscope; picture-in-picture; web-share\" referrerpolicy=\"strict-origin-when-cross-origin\" allowfullscreen><\/iframe><\/p>\n","protected":false},"excerpt":{"rendered":"<p>Narodil jsem se 17.8.2006 v 21:55 hod. ve Zl\u00edn\u011b, m\u011b\u0159il jsem 51cm a v\u00e1\u017eil 3,53Kg 17. 8. 2024 Vojta 18. narozeniny 17. 8. 2023 Vojta 17. narozeniny 9. 2022 Vojta soust\u0159ed\u011bn\u00ed 1SM 26. 8. 2022 Vojta 16. narozeniny 29. 6. 2022 Ukon\u010den\u00ed 1.Z\u0160 14. 8. 2020 Vojta 15. narozeniny VIDEO &gt;&gt;&gt; ZDE &lt;&lt;&lt; 16. 8. &hellip; <\/p>\n<p class=\"link-more\"><a href=\"https:\/\/janalik.cz\/index.php\/foto-video\/rodina\/vojtisek\/\" class=\"more-link\">Pokra\u010dovat ve \u010dten\u00ed<span class=\"screen-reader-text\"> &#8220;Vojta&#8221;<\/span><\/a><\/p>\n","protected":false},"author":1,"featured_media":0,"parent":90,"menu_order":0,"comment_status":"closed","ping_status":"closed","template":"","meta":{"footnotes":""},"_links":{"self":[{"href":"https:\/\/janalik.cz\/index.php\/wp-json\/wp\/v2\/pages\/113"}],"collection":[{"href":"https:\/\/janalik.cz\/index.php\/wp-json\/wp\/v2\/pages"}],"about":[{"href":"https:\/\/janalik.cz\/index.php\/wp-json\/wp\/v2\/types\/page"}],"author":[{"embeddable":true,"href":"https:\/\/janalik.cz\/index.php\/wp-json\/wp\/v2\/users\/1"}],"replies":[{"embeddable":true,"href":"https:\/\/janalik.cz\/index.php\/wp-json\/wp\/v2\/comments?post=113"}],"version-history":[{"count":65,"href":"https:\/\/janalik.cz\/index.php\/wp-json\/wp\/v2\/pages\/113\/revisions"}],"predecessor-version":[{"id":953,"href":"https:\/\/janalik.cz\/index.php\/wp-json\/wp\/v2\/pages\/113\/revisions\/953"}],"up":[{"embeddable":true,"href":"https:\/\/janalik.cz\/index.php\/wp-json\/wp\/v2\/pages\/90"}],"wp:attachment":[{"href":"https:\/\/janalik.cz\/index.php\/wp-json\/wp\/v2\/media?parent=113"}],"curies":[{"name":"wp","href":"https:\/\/api.w.org\/{rel}","templated":true}]}}