{"id":71,"date":"2019-08-07T14:06:56","date_gmt":"2019-08-07T12:06:56","guid":{"rendered":"http:\/\/janalik.cz\/?page_id=71"},"modified":"2025-11-18T18:41:36","modified_gmt":"2025-11-18T17:41:36","slug":"apaluchy","status":"publish","type":"page","link":"https:\/\/janalik.cz\/index.php\/foto-video\/apaluchy\/","title":{"rendered":"Apaluchy"},"content":{"rendered":"<table id=\"table1\" border=\"0\">\n<tbody>\n<tr>\n<td align=\"right\"><span style=\"font-family: Tahoma;\"><a href=\"https:\/\/goo.gl\/photos\/oYbPPQ48LFgzSTQA6\" target=\"_blank\" rel=\"noopener noreferrer\">06. 2011<\/a><\/span><\/td>\n<td align=\"left\">\u00a0<span style=\"font-family: Tahoma;\"><a href=\"https:\/\/goo.gl\/photos\/oYbPPQ48LFgzSTQA6\" target=\"_blank\" rel=\"noopener noreferrer\">APALUCHA Rusava<\/a><\/span><\/td>\n<\/tr>\n<tr>\n<td align=\"right\"><span style=\"font-family: Tahoma;\"><a href=\"https:\/\/goo.gl\/photos\/rRPQMjhSZc4MPWYB8\" target=\"_blank\" rel=\"noopener noreferrer\">07. 2012<\/a><\/span><\/td>\n<td align=\"left\">\u00a0<span style=\"font-family: Tahoma;\"><a href=\"https:\/\/goo.gl\/photos\/rRPQMjhSZc4MPWYB8\" target=\"_blank\" rel=\"noopener noreferrer\">APALUCHA Rusava<\/a><\/span><\/td>\n<\/tr>\n<tr>\n<td align=\"right\"><span style=\"font-family: Tahoma;\"><a href=\"https:\/\/goo.gl\/photos\/LkLawCDomoi5MqYM8\" target=\"_blank\" rel=\"noopener noreferrer\">07. 2013<\/a><\/span><\/td>\n<td align=\"left\">\u00a0<span style=\"font-family: Tahoma;\"><a href=\"https:\/\/goo.gl\/photos\/LkLawCDomoi5MqYM8\" target=\"_blank\" rel=\"noopener noreferrer\">APALUCHA Fren\u0161t\u00e1t<\/a><\/span><\/td>\n<\/tr>\n<tr>\n<td align=\"right\"><span style=\"font-family: Tahoma;\"><a href=\"https:\/\/goo.gl\/photos\/h4Pk2D1TWt2HrMR89\" target=\"_blank\" rel=\"noopener noreferrer\">02. 2014<\/a><\/span><\/td>\n<td align=\"left\">\u00a0<span style=\"font-family: Tahoma;\"><a href=\"https:\/\/goo.gl\/photos\/h4Pk2D1TWt2HrMR89\" target=\"_blank\" rel=\"noopener noreferrer\">Pivn\u00ed v\u00edkend Trojanovice<\/a><\/span><br \/>\n<a href=\"https:\/\/youtu.be\/WO8XBOxXJwk\" target=\"_blank\" rel=\"noopener noreferrer\"> &gt;&gt;&gt; VIDEO<\/a><\/td>\n<\/tr>\n<tr>\n<td align=\"right\"><span style=\"font-family: Tahoma;\"><a href=\"https:\/\/goo.gl\/photos\/TQTS1RwUwVtRTS2v8\" target=\"_blank\" rel=\"noopener noreferrer\">06. 2014<\/a><\/span><\/td>\n<td align=\"left\">\u00a0<span style=\"font-family: Tahoma;\"><a href=\"https:\/\/goo.gl\/photos\/TQTS1RwUwVtRTS2v8\" target=\"_blank\" rel=\"noopener noreferrer\">APALUCHA Str\u00e1\u017enice<\/a><\/span><\/td>\n<\/tr>\n<tr>\n<td align=\"right\"><span style=\"font-family: Tahoma;\"><a href=\"https:\/\/goo.gl\/photos\/94FSsc67xwKiJYX59\" target=\"_blank\" rel=\"noopener noreferrer\">07. 2015<\/a><\/span><\/td>\n<td align=\"left\">\u00a0<span style=\"font-family: Tahoma;\"><a href=\"https:\/\/goo.gl\/photos\/94FSsc67xwKiJYX59\" target=\"_blank\" rel=\"noopener noreferrer\">APALUCHA Nivnice<\/a><\/span><\/td>\n<\/tr>\n<tr>\n<td align=\"right\"><span style=\"font-family: Tahoma;\"><a href=\"https:\/\/goo.gl\/photos\/R3PbenziHs69Vxmy6\" target=\"_blank\" rel=\"noopener noreferrer\">02. 2016<\/a><\/span><\/td>\n<td align=\"left\">\u00a0<span style=\"font-family: Tahoma;\"><a href=\"https:\/\/goo.gl\/photos\/R3PbenziHs69Vxmy6\" target=\"_blank\" rel=\"noopener noreferrer\">Pivn\u00ed v\u00edkend Rajnochovice<\/a><\/span><\/td>\n<\/tr>\n<tr>\n<td align=\"right\"><span style=\"font-family: Tahoma;\"><a href=\"https:\/\/goo.gl\/photos\/2JwJRp8gMVTF3ufF8\" target=\"_blank\" rel=\"noopener noreferrer\">07. 2016<\/a><\/span><\/td>\n<td align=\"left\">\u00a0<span style=\"font-family: Tahoma;\"><a href=\"https:\/\/goo.gl\/photos\/2JwJRp8gMVTF3ufF8\" target=\"_blank\" rel=\"noopener noreferrer\">APALUCHA P\u0159\u00edbor<\/a><\/span><\/td>\n<\/tr>\n<tr>\n<td align=\"right\"><span style=\"font-family: Tahoma;\"><a href=\"https:\/\/goo.gl\/photos\/JWwpbs9No7XBqKXB9\" target=\"_blank\" rel=\"noopener noreferrer\">02. 2017<\/a><\/span><\/td>\n<td align=\"left\">\u00a0<span style=\"font-family: Tahoma;\"><a href=\"https:\/\/goo.gl\/photos\/JWwpbs9No7XBqKXB9\" target=\"_blank\" rel=\"noopener noreferrer\">Pivn\u00ed v\u00edkend Hol\u010dovice<\/a><\/span><\/td>\n<\/tr>\n<tr>\n<td align=\"right\"><span style=\"font-family: Tahoma;\"><a href=\"https:\/\/goo.gl\/photos\/3993JaGGvsnwzaw9A\" target=\"_blank\" rel=\"noopener noreferrer\">08. 2017<\/a><\/span><\/td>\n<td align=\"left\">\u00a0<span style=\"font-family: Tahoma;\"><a href=\"https:\/\/goo.gl\/photos\/3993JaGGvsnwzaw9A\" target=\"_blank\" rel=\"noopener noreferrer\">APALUCHA Mohelnice<\/a><\/span><\/td>\n<\/tr>\n<tr>\n<td align=\"right\"><span style=\"font-family: Tahoma;\"><a href=\"https:\/\/photos.app.goo.gl\/8R24uAyT5wtE8Jm17\" target=\"_blank\" rel=\"noopener noreferrer\">07. 2018<\/a><\/span><\/td>\n<td align=\"left\">\u00a0<span style=\"font-family: Tahoma;\"><a href=\"https:\/\/photos.app.goo.gl\/8R24uAyT5wtE8Jm17\" target=\"_blank\" rel=\"noopener noreferrer\">APALUCHA Fren\u0161t\u00e1t Li\u0161\u010d\u00ed Ml\u00fdn<\/a><\/span><\/td>\n<\/tr>\n<tr>\n<td align=\"right\"><span style=\"font-family: Tahoma;\"><a href=\"https:\/\/photos.app.goo.gl\/dvyqCTBVreF8iCEMA\" target=\"_blank\" rel=\"noopener noreferrer\">06. 2019<\/a><\/span><\/td>\n<td align=\"left\">\u00a0<span style=\"font-family: Tahoma;\"><a href=\"https:\/\/photos.app.goo.gl\/dvyqCTBVreF8iCEMA\" target=\"_blank\" rel=\"noopener noreferrer\">APALUCHA Budi\u0161ov nad Budi\u0161ovkou<\/a><\/span><\/td>\n<\/tr>\n<tr>\n<td align=\"right\"><span style=\"font-family: Tahoma;\"><a href=\"https:\/\/photos.app.goo.gl\/4fZR995iucntKEEn7\" target=\"_blank\" rel=\"noopener noreferrer\">07. 2020<\/a><\/span><\/td>\n<td align=\"left\">\u00a0<span style=\"font-family: Tahoma;\"><a href=\"https:\/\/photos.app.goo.gl\/4fZR995iucntKEEn7\" target=\"_blank\" rel=\"noopener noreferrer\">APALUCHA Luha\u010dovice<\/a><\/span><\/td>\n<\/tr>\n<tr>\n<td align=\"right\"><span style=\"font-family: Tahoma;\"><a href=\"https:\/\/photos.app.goo.gl\/FvWYBJmhrGon7Zp38\" target=\"_blank\" rel=\"noopener noreferrer\">07. 2021<\/a><\/span><\/td>\n<td align=\"left\">\u00a0<span style=\"font-family: Tahoma;\"><a href=\"https:\/\/photos.app.goo.gl\/FvWYBJmhrGon7Zp38\" target=\"_blank\" rel=\"noopener noreferrer\">APALUCHA Kemp Rusava<\/a><\/span><br \/>\n<a href=\"https:\/\/youtu.be\/2rPADXjXilM\" target=\"_blank\" rel=\"noopener noreferrer\"> &gt;&gt;&gt; VIDEO z Apaluchy v kempu Rusava<\/a><\/td>\n<\/tr>\n<tr>\n<td align=\"right\"><span style=\"font-family: Tahoma;\"><a href=\"https:\/\/youtu.be\/1LRG3eEzWlo\" target=\"_blank\" rel=\"noopener noreferrer\">07. 2022<\/a><\/span><\/td>\n<td align=\"left\">\u00a0<span style=\"font-family: Tahoma;\"><a href=\"https:\/\/youtu.be\/1LRG3eEzWlo\" target=\"_blank\" rel=\"noopener noreferrer\">APALUCHA De\u0161n\u00e1<\/a><\/span><\/td>\n<\/tr>\n<tr>\n<td align=\"right\"><span style=\"font-family: Tahoma;\"><a href=\"https:\/\/youtu.be\/naQayegdc44\" target=\"_blank\" rel=\"noopener noreferrer\">07. 2023<\/a><\/span><\/td>\n<td align=\"left\">\u00a0<span style=\"font-family: Tahoma;\"><a href=\"https:\/\/youtu.be\/naQayegdc44\" target=\"_blank\" rel=\"noopener noreferrer\">APALUCHA Smra\u010favka<\/a><\/span><\/td>\n<\/tr>\n<tr>\n<td align=\"right\"><span style=\"font-family: Tahoma;\"><a href=\"https:\/\/photos.app.goo.gl\/VFEv3EV2AWz7UNQn7\" target=\"_blank\" rel=\"noopener noreferrer\">08. 2025<\/a><\/span><\/td>\n<td align=\"left\">\u00a0<span style=\"font-family: Tahoma;\"><a href=\"https:\/\/photos.app.goo.gl\/VFEv3EV2AWz7UNQn7\" target=\"_blank\" rel=\"noopener noreferrer\">APALUCHA Ro\u017enov pod Radho\u0161t\u011bm<\/a><\/span><\/td>\n<\/tr>\n<\/tbody>\n<\/table>\n","protected":false},"excerpt":{"rendered":"<p>06. 2011 \u00a0APALUCHA Rusava 07. 2012 \u00a0APALUCHA Rusava 07. 2013 \u00a0APALUCHA Fren\u0161t\u00e1t 02. 2014 \u00a0Pivn\u00ed v\u00edkend Trojanovice &gt;&gt;&gt; VIDEO 06. 2014 \u00a0APALUCHA Str\u00e1\u017enice 07. 2015 \u00a0APALUCHA Nivnice 02. 2016 \u00a0Pivn\u00ed v\u00edkend Rajnochovice 07. 2016 \u00a0APALUCHA P\u0159\u00edbor 02. 2017 \u00a0Pivn\u00ed v\u00edkend Hol\u010dovice 08. 2017 \u00a0APALUCHA Mohelnice 07. 2018 \u00a0APALUCHA Fren\u0161t\u00e1t Li\u0161\u010d\u00ed Ml\u00fdn 06. 2019 \u00a0APALUCHA Budi\u0161ov &hellip; <\/p>\n<p class=\"link-more\"><a href=\"https:\/\/janalik.cz\/index.php\/foto-video\/apaluchy\/\" class=\"more-link\">Pokra\u010dovat ve \u010dten\u00ed<span class=\"screen-reader-text\"> &#8220;Apaluchy&#8221;<\/span><\/a><\/p>\n","protected":false},"author":1,"featured_media":0,"parent":10,"menu_order":0,"comment_status":"closed","ping_status":"closed","template":"","meta":{"footnotes":""},"_links":{"self":[{"href":"https:\/\/janalik.cz\/index.php\/wp-json\/wp\/v2\/pages\/71"}],"collection":[{"href":"https:\/\/janalik.cz\/index.php\/wp-json\/wp\/v2\/pages"}],"about":[{"href":"https:\/\/janalik.cz\/index.php\/wp-json\/wp\/v2\/types\/page"}],"author":[{"embeddable":true,"href":"https:\/\/janalik.cz\/index.php\/wp-json\/wp\/v2\/users\/1"}],"replies":[{"embeddable":true,"href":"https:\/\/janalik.cz\/index.php\/wp-json\/wp\/v2\/comments?post=71"}],"version-history":[{"count":20,"href":"https:\/\/janalik.cz\/index.php\/wp-json\/wp\/v2\/pages\/71\/revisions"}],"predecessor-version":[{"id":1015,"href":"https:\/\/janalik.cz\/index.php\/wp-json\/wp\/v2\/pages\/71\/revisions\/1015"}],"up":[{"embeddable":true,"href":"https:\/\/janalik.cz\/index.php\/wp-json\/wp\/v2\/pages\/10"}],"wp:attachment":[{"href":"https:\/\/janalik.cz\/index.php\/wp-json\/wp\/v2\/media?parent=71"}],"curies":[{"name":"wp","href":"https:\/\/api.w.org\/{rel}","templated":true}]}}