{"id":75,"date":"2019-08-07T14:09:45","date_gmt":"2019-08-07T12:09:45","guid":{"rendered":"http:\/\/janalik.cz\/?page_id=75"},"modified":"2025-03-23T18:53:50","modified_gmt":"2025-03-23T17:53:50","slug":"vodeni-medveda","status":"publish","type":"page","link":"https:\/\/janalik.cz\/index.php\/foto-video\/vodeni-medveda\/","title":{"rendered":"Vod\u011bn\u00ed medv\u011bda"},"content":{"rendered":"<table id=\"table1\" border=\"0\">\n<tbody>\n<tr>\n<td align=\"right\"><a href=\"https:\/\/photos.app.goo.gl\/ALdSedAk5FVpzwNbA\" target=\"_blank\" rel=\"noopener noreferrer\">2003<\/a><\/td>\n<td align=\"left\">\u00a0<a href=\"https:\/\/photos.app.goo.gl\/ALdSedAk5FVpzwNbA\" target=\"_blank\" rel=\"noopener noreferrer\">Bigb\u00ed\u0165\u00e1ci<\/a><\/td>\n<\/tr>\n<tr>\n<td align=\"right\"><a href=\"https:\/\/photos.app.goo.gl\/ASriOF9S1cU5h3ff2\" target=\"_blank\" rel=\"noopener noreferrer\">2006<\/a><\/td>\n<td align=\"left\"><span style=\"font-family: Tahoma;\">\u00a0<a href=\"https:\/\/photos.app.goo.gl\/ASriOF9S1cU5h3ff2\" target=\"_blank\" rel=\"noopener noreferrer\">\u0160ejkove<\/a><\/span><\/td>\n<\/tr>\n<tr>\n<td align=\"right\"><a href=\"https:\/\/photos.app.goo.gl\/CSqnXpj5FtxqPQ8SA\" target=\"_blank\" rel=\"noopener noreferrer\">2008<\/a><\/td>\n<td align=\"left\"><span style=\"font-family: Tahoma;\">\u00a0<a href=\"https:\/\/photos.app.goo.gl\/CSqnXpj5FtxqPQ8SA\" target=\"_blank\" rel=\"noopener noreferrer\">Fashion Team<\/a><\/span><\/td>\n<\/tr>\n<tr>\n<td align=\"right\"><a href=\"https:\/\/photos.app.goo.gl\/R2Fn5rfj6RMUCpJPA\" target=\"_blank\" rel=\"noopener noreferrer\">2009<\/a><\/td>\n<td align=\"left\"><a href=\"https:\/\/photos.app.goo.gl\/R2Fn5rfj6RMUCpJPA\" target=\"_blank\" rel=\"noopener noreferrer\">\u00a0Vienamsk\u00fd st\u00e1nek <\/a><\/td>\n<\/tr>\n<tr>\n<td align=\"right\"><a href=\"https:\/\/photos.app.goo.gl\/vZzXJhsvFpk4jZoj9\" target=\"_blank\" rel=\"noopener noreferrer\">2010<\/a><\/td>\n<td align=\"left\"><a href=\"https:\/\/photos.app.goo.gl\/vZzXJhsvFpk4jZoj9\" target=\"_blank\" rel=\"noopener noreferrer\">\u00a0KISSaci <\/a><\/td>\n<\/tr>\n<tr>\n<td align=\"right\"><a href=\"https:\/\/photos.app.goo.gl\/CkvRoWt34G25avHq6\" target=\"_blank\" rel=\"noopener noreferrer\">2011<\/a><\/td>\n<td align=\"left\"><a href=\"https:\/\/photos.app.goo.gl\/CkvRoWt34G25avHq6\" target=\"_blank\" rel=\"noopener noreferrer\">\u00a0Expedice na Everest <\/a><\/td>\n<td align=\"left\"><\/td>\n<td align=\"left\"><span style=\"font-family: Tahoma;\"><a href=\"http:\/\/www.youtube.com\/watch?v=eUQVqjgihZ8&amp;feature=youtu.be\" target=\"_blank\" rel=\"noopener noreferrer\">Video<\/a><\/span><\/td>\n<td align=\"left\"><span style=\"font-family: Tahoma;\"><a href=\"http:\/\/www.youtube.com\/watch?v=eUQVqjgihZ8&amp;feature=youtu.be\" target=\"_blank\" rel=\"noopener noreferrer\">1<\/a><\/span><\/td>\n<\/tr>\n<tr>\n<td align=\"right\"><a href=\"https:\/\/photos.app.goo.gl\/JX3J2ytLaqVsmDGEA\" target=\"_blank\" rel=\"noopener noreferrer\">2012 <\/a><\/td>\n<td align=\"left\"><span style=\"font-family: Tahoma;\">\u00a0<a href=\"https:\/\/photos.app.goo.gl\/JX3J2ytLaqVsmDGEA\" target=\"_blank\" rel=\"noopener noreferrer\">Monopost F1<\/a><\/span><\/td>\n<td align=\"left\"><\/td>\n<td align=\"left\"><u><span style=\"font-family: Tahoma;\"><a href=\"http:\/\/youtu.be\/GQ18NmGL_iQ\" target=\"_blank\" rel=\"noopener noreferrer\">Video<\/a><\/span><\/u><\/td>\n<td align=\"left\"><span style=\"font-family: Tahoma;\"><a href=\"http:\/\/youtu.be\/GQ18NmGL_iQ\" target=\"_blank\" rel=\"noopener noreferrer\">1<\/a>,<\/span><\/td>\n<td align=\"left\"><span style=\"font-family: Tahoma;\">\u00a0<a href=\"http:\/\/youtu.be\/A_GtVHX1J3c\" target=\"_blank\" rel=\"noopener noreferrer\">2<\/a>,<\/span><\/td>\n<td align=\"left\"><span style=\"font-family: Tahoma;\">\u00a0<a href=\"http:\/\/youtu.be\/Ana4z3K4uIg\" target=\"_blank\" rel=\"noopener noreferrer\">3<\/a>,<\/span><\/td>\n<td align=\"left\"><span style=\"font-family: Tahoma;\">\u00a0<a href=\"http:\/\/youtu.be\/sK8S_w50BTc\" target=\"_blank\" rel=\"noopener noreferrer\">4<\/a>,<\/span><\/td>\n<\/tr>\n<tr>\n<td align=\"right\"><span style=\"font-family: Tahoma;\"><a href=\"https:\/\/photos.app.goo.gl\/yjn5SGRwXY6NxKDh6\" target=\"_blank\" rel=\"noopener noreferrer\">2013<\/a><\/span><\/td>\n<td align=\"left\"><span style=\"font-family: Tahoma;\">\u00a0<a href=\"https:\/\/photos.app.goo.gl\/yjn5SGRwXY6NxKDh6\" target=\"_blank\" rel=\"noopener noreferrer\">NA\u0160A Expedice<\/a><\/span><\/td>\n<td align=\"left\"><\/td>\n<td align=\"left\"><span style=\"font-family: Tahoma;\"><a href=\"http:\/\/youtu.be\/Nlfz3h5zaXE\" target=\"_blank\" rel=\"noopener noreferrer\">Video<\/a><\/span><\/td>\n<td align=\"left\"><span style=\"font-family: Tahoma;\"><a href=\"http:\/\/youtu.be\/Nlfz3h5zaXE\" target=\"_blank\" rel=\"noopener noreferrer\">1,<\/a><\/span><\/td>\n<td align=\"right\"><span style=\"font-family: Tahoma;\"><a href=\"http:\/\/youtu.be\/PeSdTQHBjag\" target=\"_blank\" rel=\"noopener noreferrer\">2,<\/a><\/span><\/td>\n<td align=\"right\"><span style=\"font-family: Tahoma;\"><a href=\"http:\/\/youtu.be\/tU-vB6TwI_k\" target=\"_blank\" rel=\"noopener noreferrer\">3,<\/a><\/span><\/td>\n<td align=\"right\" width=\"14\"><span style=\"font-family: Tahoma;\"><a href=\"http:\/\/youtu.be\/LYJE34mxhsw\" target=\"_blank\" rel=\"noopener noreferrer\">4,<\/a><\/span><\/td>\n<\/tr>\n<tr>\n<td align=\"right\"><a href=\"https:\/\/photos.app.goo.gl\/Q3jEvUuhKc6T36359\" target=\"_blank\" rel=\"noopener noreferrer\">2014 <\/a><\/td>\n<td align=\"left\"><span style=\"font-family: Tahoma;\">\u00a0<a href=\"https:\/\/photos.app.goo.gl\/Q3jEvUuhKc6T36359\" target=\"_blank\" rel=\"noopener noreferrer\">Pir\u00e1ti z Karibiku<\/a><\/span><\/td>\n<td align=\"left\"><\/td>\n<td align=\"left\"><u><span style=\"font-family: Tahoma;\"><a href=\"http:\/\/youtu.be\/AP76Dg4l7CM\" target=\"_blank\" rel=\"noopener noreferrer\">Video<\/a><\/span><\/u><\/td>\n<\/tr>\n<tr>\n<td align=\"right\"><a href=\"https:\/\/photos.app.goo.gl\/naGWraq9CQhR8UtT9\" target=\"_blank\" rel=\"noopener noreferrer\">2015 <\/a><\/td>\n<td align=\"left\"><span style=\"font-family: Tahoma;\">\u00a0<a href=\"https:\/\/photos.app.goo.gl\/naGWraq9CQhR8UtT9\" target=\"_blank\" rel=\"noopener noreferrer\">Mobiln\u00ed p\u00e1lenica<\/a><\/span><\/td>\n<td align=\"left\"><\/td>\n<td align=\"left\"><u><span style=\"font-family: Tahoma;\"><a href=\"http:\/\/youtu.be\/9ScWbOrkTw0\" target=\"_blank\" rel=\"noopener noreferrer\">Video<\/a><\/span><\/u><\/td>\n<\/tr>\n<tr>\n<td align=\"right\"><a href=\"https:\/\/photos.app.goo.gl\/hCWUaG3xuAG6XBrq7\" target=\"_blank\" rel=\"noopener noreferrer\">2016 <\/a><\/td>\n<td align=\"left\"><span style=\"font-family: Tahoma;\">\u00a0<a href=\"https:\/\/photos.app.goo.gl\/hCWUaG3xuAG6XBrq7\" target=\"_blank\" rel=\"noopener noreferrer\">\u017dopsk\u00e9 uheln\u00e9 doly<\/a><\/span><\/td>\n<td align=\"left\"><\/td>\n<td align=\"left\"><u><span style=\"font-family: Tahoma;\"><a href=\"https:\/\/youtu.be\/RPf_bniwPww\" target=\"_blank\" rel=\"noopener noreferrer\">Video<\/a><\/span><\/u><\/td>\n<\/tr>\n<tr>\n<td align=\"right\"><a href=\"https:\/\/photos.app.goo.gl\/nNvqhWJzwEghWHtp9\" target=\"_blank\" rel=\"noopener noreferrer\">2017 <\/a><\/td>\n<td align=\"left\"><span style=\"font-family: Tahoma;\">\u00a0<a href=\"https:\/\/photos.app.goo.gl\/nNvqhWJzwEghWHtp9\" target=\"_blank\" rel=\"noopener noreferrer\">Husit\u00e9<\/a><\/span><\/td>\n<td align=\"left\"><\/td>\n<td align=\"left\"><u><span style=\"font-family: Tahoma;\"><a href=\"https:\/\/youtu.be\/_Qqr-epHnKM\" target=\"_blank\" rel=\"noopener noreferrer\">Video<\/a><\/span><\/u><\/td>\n<\/tr>\n<tr>\n<td align=\"right\"><a href=\"https:\/\/photos.app.goo.gl\/1kzV1Rh1yBQIqDbh1\" target=\"_blank\" rel=\"noopener noreferrer\">2018 <\/a><\/td>\n<td align=\"left\"><span style=\"font-family: Tahoma;\">\u00a0<a href=\"https:\/\/photos.app.goo.gl\/1kzV1Rh1yBQIqDbh1\" target=\"_blank\" rel=\"noopener noreferrer\">\u010cetn\u00edci a mimozem\u0161\u0165an\u00e9<\/a><\/span><\/td>\n<td align=\"left\"><\/td>\n<td align=\"left\"><u><span style=\"font-family: Tahoma;\"><a href=\"https:\/\/youtu.be\/pjealfifcI4\" target=\"_blank\" rel=\"noopener noreferrer\">Video<\/a><\/span><\/u><\/td>\n<\/tr>\n<tr>\n<td align=\"right\"><a href=\"https:\/\/photos.app.goo.gl\/xJ3nDGcyp9Z2Xmz69\" target=\"_blank\" rel=\"noopener noreferrer\">2019 <\/a><\/td>\n<td align=\"left\"><span style=\"font-family: Tahoma;\">\u00a0<a href=\"https:\/\/photos.app.goo.gl\/xJ3nDGcyp9Z2Xmz69\" target=\"_blank\" rel=\"noopener noreferrer\">Brat\u0159i v triku<\/a><\/span><\/td>\n<td align=\"left\"><\/td>\n<td align=\"left\"><u><span style=\"font-family: Tahoma;\"><a href=\"https:\/\/youtu.be\/sV28dJRCzY4\" target=\"_blank\" rel=\"noopener noreferrer\">Video<\/a><\/span><\/u><\/td>\n<\/tr>\n<tr>\n<td align=\"right\"><a href=\"https:\/\/photos.app.goo.gl\/Q2Gw4s2VAVLNA4z88\" target=\"_blank\" rel=\"noopener noreferrer\">2020 <\/a><\/td>\n<td align=\"left\"><span style=\"font-family: Tahoma;\">\u00a0<a href=\"https:\/\/photos.app.goo.gl\/Q2Gw4s2VAVLNA4z88\" target=\"_blank\" rel=\"noopener noreferrer\">Papamobil<\/a><\/span><\/td>\n<td align=\"left\"><\/td>\n<td align=\"left\"><u><span style=\"font-family: Tahoma;\"><a href=\"https:\/\/youtu.be\/PN29A-pGD_I\" target=\"_blank\" rel=\"noopener noreferrer\">Video<\/a><\/span><\/u><\/td>\n<\/tr>\n<tr>\n<td align=\"right\"><a href=\"https:\/\/eu.zonerama.com\/janalikovi\/Album\/8212409\" target=\"_blank\" rel=\"noopener noreferrer\">2022 <\/a><\/td>\n<td align=\"left\"><span style=\"font-family: Tahoma;\">\u00a0<a href=\"https:\/\/eu.zonerama.com\/janalikovi\/Album\/8212409\" target=\"_blank\" rel=\"noopener noreferrer\">Bobsk\u00fd \u017dop<\/a><\/span><\/td>\n<td align=\"left\"><\/td>\n<td align=\"left\"><u><span style=\"font-family: Tahoma;\"><a href=\"https:\/\/youtu.be\/nJWpFxL1T0g\" target=\"_blank\" rel=\"noopener noreferrer\">Video<\/a><\/span><\/u><\/td>\n<\/tr>\n<tr>\n<td align=\"right\"><a href=\"https:\/\/photos.app.goo.gl\/WjazuaNMJVPpuhfaA\" target=\"_blank\" rel=\"noopener noreferrer\">2023 <\/a><\/td>\n<td align=\"left\"><span style=\"font-family: Tahoma;\">\u00a0<a href=\"https:\/\/photos.app.goo.gl\/WjazuaNMJVPpuhfaA\" target=\"_blank\" rel=\"noopener noreferrer\">Hlavy<\/a><\/span><\/td>\n<td align=\"left\"><\/td>\n<td align=\"left\"><u><span style=\"font-family: Tahoma;\"><a href=\"https:\/\/youtu.be\/UTYEb7k9PFE\" target=\"_blank\" rel=\"noopener noreferrer\">Video<\/a><\/span><\/u><\/td>\n<\/tr>\n<tr>\n<td align=\"right\"><a href=\"https:\/\/photos.app.goo.gl\/ygA9MS3uKH5nb5Y66\" target=\"_blank\" rel=\"noopener noreferrer\">2024 <\/a><\/td>\n<td align=\"left\"><span style=\"font-family: Tahoma;\">\u00a0<a href=\"https:\/\/photos.app.goo.gl\/ygA9MS3uKH5nb5Y66\" target=\"_blank\" rel=\"noopener noreferrer\">Bale\u0165\u00e1ci<\/a><\/span><\/td>\n<td align=\"left\"><\/td>\n<td align=\"left\"><u><span style=\"font-family: Tahoma;\"><a href=\"https:\/\/youtu.be\/QjCg6ctsE0U\" target=\"_blank\" rel=\"noopener noreferrer\">Video<\/a><\/span><\/u><\/td>\n<tr>\n<td align=\"right\"><a href=\"https:\/\/photos.app.goo.gl\/DyHCXoGukYd4TTYz9\" target=\"_blank\" rel=\"noopener noreferrer\">2025 <\/a><\/td>\n<td align=\"left\"><span style=\"font-family: Tahoma;\">\u00a0<a href=\"https:\/\/photos.app.goo.gl\/DyHCXoGukYd4TTYz9\" target=\"_blank\" rel=\"noopener noreferrer\">Vod\u011bn\u00ed medv\u011bda \u017dopy &#8211; jen tak<\/a><\/span><\/td>\n<td align=\"left\"><\/td>\n<td align=\"left\"><u><span style=\"font-family: Tahoma;\"><a href=\"https:\/\/youtu.be\/41O5IsZX86U\" target=\"_blank\" rel=\"noopener noreferrer\">Video<\/a><\/span><\/u><\/td>\n<\/tr>\n<\/tbody>\n<\/table>\n","protected":false},"excerpt":{"rendered":"<p>2003 \u00a0Bigb\u00ed\u0165\u00e1ci 2006 \u00a0\u0160ejkove 2008 \u00a0Fashion Team 2009 \u00a0Vienamsk\u00fd st\u00e1nek 2010 \u00a0KISSaci 2011 \u00a0Expedice na Everest Video 1 2012 \u00a0Monopost F1 Video 1, \u00a02, \u00a03, \u00a04, 2013 \u00a0NA\u0160A Expedice Video 1, 2, 3, 4, 2014 \u00a0Pir\u00e1ti z Karibiku Video 2015 \u00a0Mobiln\u00ed p\u00e1lenica Video 2016 \u00a0\u017dopsk\u00e9 uheln\u00e9 doly Video 2017 \u00a0Husit\u00e9 Video 2018 \u00a0\u010cetn\u00edci a mimozem\u0161\u0165an\u00e9 &hellip; <\/p>\n<p class=\"link-more\"><a href=\"https:\/\/janalik.cz\/index.php\/foto-video\/vodeni-medveda\/\" class=\"more-link\">Pokra\u010dovat ve \u010dten\u00ed<span class=\"screen-reader-text\"> &#8220;Vod\u011bn\u00ed medv\u011bda&#8221;<\/span><\/a><\/p>\n","protected":false},"author":1,"featured_media":0,"parent":10,"menu_order":0,"comment_status":"closed","ping_status":"closed","template":"","meta":{"footnotes":""},"_links":{"self":[{"href":"https:\/\/janalik.cz\/index.php\/wp-json\/wp\/v2\/pages\/75"}],"collection":[{"href":"https:\/\/janalik.cz\/index.php\/wp-json\/wp\/v2\/pages"}],"about":[{"href":"https:\/\/janalik.cz\/index.php\/wp-json\/wp\/v2\/types\/page"}],"author":[{"embeddable":true,"href":"https:\/\/janalik.cz\/index.php\/wp-json\/wp\/v2\/users\/1"}],"replies":[{"embeddable":true,"href":"https:\/\/janalik.cz\/index.php\/wp-json\/wp\/v2\/comments?post=75"}],"version-history":[{"count":35,"href":"https:\/\/janalik.cz\/index.php\/wp-json\/wp\/v2\/pages\/75\/revisions"}],"predecessor-version":[{"id":988,"href":"https:\/\/janalik.cz\/index.php\/wp-json\/wp\/v2\/pages\/75\/revisions\/988"}],"up":[{"embeddable":true,"href":"https:\/\/janalik.cz\/index.php\/wp-json\/wp\/v2\/pages\/10"}],"wp:attachment":[{"href":"https:\/\/janalik.cz\/index.php\/wp-json\/wp\/v2\/media?parent=75"}],"curies":[{"name":"wp","href":"https:\/\/api.w.org\/{rel}","templated":true}]}}