{"id":90,"date":"2019-08-07T14:23:51","date_gmt":"2019-08-07T12:23:51","guid":{"rendered":"http:\/\/janalik.cz\/?page_id=90"},"modified":"2023-01-20T09:26:05","modified_gmt":"2023-01-20T08:26:05","slug":"rodina","status":"publish","type":"page","link":"https:\/\/janalik.cz\/index.php\/foto-video\/rodina\/","title":{"rendered":"D\u011bti"},"content":{"rendered":"<table>\n<tbody>\n<tr>\n<td width=\"205\">\n<h3 style=\"text-align: center;\"><a href=\"http:\/\/janalik.cz\/index.php\/foto-video\/rodina\/vojtisek\/\"><img decoding=\"async\" loading=\"lazy\" class=\"size-full wp-image-106 aligncenter\" src=\"http:\/\/janalik.cz\/wp-content\/uploads\/2019\/08\/vojta.jpg\" alt=\"\" width=\"120\" height=\"120\" srcset=\"https:\/\/janalik.cz\/wp-content\/uploads\/2019\/08\/vojta.jpg 120w, https:\/\/janalik.cz\/wp-content\/uploads\/2019\/08\/vojta-100x100.jpg 100w\" sizes=\"(max-width: 120px) 100vw, 120px\" \/><\/a><a href=\"http:\/\/janalik.cz\/index.php\/foto-video\/rodina\/vojtisek\/\">Vojt\u00ed\u0161ek<\/a><\/h3>\n<\/td>\n<td style=\"text-align: center;\" width=\"205\">\n<h3><a href=\"http:\/\/janalik.cz\/index.php\/foto-video\/rodina\/lukasek\/\"><img decoding=\"async\" loading=\"lazy\" class=\"wp-image-288 size-full aligncenter\" src=\"http:\/\/janalik.cz\/wp-content\/uploads\/2019\/08\/luk_mini.jpg\" alt=\"\" width=\"120\" height=\"120\" srcset=\"https:\/\/janalik.cz\/wp-content\/uploads\/2019\/08\/luk_mini.jpg 120w, https:\/\/janalik.cz\/wp-content\/uploads\/2019\/08\/luk_mini-100x100.jpg 100w\" sizes=\"(max-width: 120px) 100vw, 120px\" \/><\/a><a href=\"http:\/\/janalik.cz\/index.php\/foto-video\/rodina\/lukasek\/\">Luk\u00e1\u0161ek<\/a><\/h3>\n<\/td>\n<\/tr>\n<\/tbody>\n<\/table>\n","protected":false},"excerpt":{"rendered":"<p>Vojt\u00ed\u0161ek Luk\u00e1\u0161ek<\/p>\n","protected":false},"author":1,"featured_media":0,"parent":10,"menu_order":0,"comment_status":"closed","ping_status":"closed","template":"","meta":{"footnotes":""},"_links":{"self":[{"href":"https:\/\/janalik.cz\/index.php\/wp-json\/wp\/v2\/pages\/90"}],"collection":[{"href":"https:\/\/janalik.cz\/index.php\/wp-json\/wp\/v2\/pages"}],"about":[{"href":"https:\/\/janalik.cz\/index.php\/wp-json\/wp\/v2\/types\/page"}],"author":[{"embeddable":true,"href":"https:\/\/janalik.cz\/index.php\/wp-json\/wp\/v2\/users\/1"}],"replies":[{"embeddable":true,"href":"https:\/\/janalik.cz\/index.php\/wp-json\/wp\/v2\/comments?post=90"}],"version-history":[{"count":156,"href":"https:\/\/janalik.cz\/index.php\/wp-json\/wp\/v2\/pages\/90\/revisions"}],"predecessor-version":[{"id":747,"href":"https:\/\/janalik.cz\/index.php\/wp-json\/wp\/v2\/pages\/90\/revisions\/747"}],"up":[{"embeddable":true,"href":"https:\/\/janalik.cz\/index.php\/wp-json\/wp\/v2\/pages\/10"}],"wp:attachment":[{"href":"https:\/\/janalik.cz\/index.php\/wp-json\/wp\/v2\/media?parent=90"}],"curies":[{"name":"wp","href":"https:\/\/api.w.org\/{rel}","templated":true}]}}